{"id":2520,"date":"2021-12-03T04:08:15","date_gmt":"2021-12-02T22:08:15","guid":{"rendered":"https:\/\/alpiste.co.cr\/product\/domaine-vacheron-les-romains\/"},"modified":"2024-09-04T04:42:41","modified_gmt":"2024-09-03T22:42:41","slug":"domaine-vacheron-les-romains","status":"publish","type":"product","link":"https:\/\/alpiste.co.cr\/en\/product\/domaine-vacheron-les-romains\/","title":{"rendered":"Domaine Vacheron Les Romains 750Ml"},"content":{"rendered":"<p>https:\/\/alpiste.co.cr\/product\/domaine-vacheron-les-romains\/<\/p>","protected":false},"excerpt":{"rendered":"<p>Es un monovarietal de producci\u00f3n muy limitada proveniente de uno de los vi\u00f1edos \u201cLes Romains\u201d m\u00e1s codiciados en la zona.<br \/>\nLos Domaine Vacheron proponen en cada sorbo una fiel expresi\u00f3n de pureza y definici\u00f3n, su car\u00e1cter es marcado por el terroir del que proceden.<\/p>","protected":false},"featured_media":8003,"comment_status":"closed","ping_status":"closed","template":"","meta":{"_acf_changed":false},"product_cat":[127,128],"product_tag":[],"pais-productos":[315,70,71],"marca-productos":[316],"acf":[],"_links":{"self":[{"href":"https:\/\/alpiste.co.cr\/en\/wp-json\/wp\/v2\/product\/2520"}],"collection":[{"href":"https:\/\/alpiste.co.cr\/en\/wp-json\/wp\/v2\/product"}],"about":[{"href":"https:\/\/alpiste.co.cr\/en\/wp-json\/wp\/v2\/types\/product"}],"replies":[{"embeddable":true,"href":"https:\/\/alpiste.co.cr\/en\/wp-json\/wp\/v2\/comments?post=2520"}],"wp:featuredmedia":[{"embeddable":true,"href":"https:\/\/alpiste.co.cr\/en\/wp-json\/wp\/v2\/media\/8003"}],"wp:attachment":[{"href":"https:\/\/alpiste.co.cr\/en\/wp-json\/wp\/v2\/media?parent=2520"}],"wp:term":[{"taxonomy":"product_cat","embeddable":true,"href":"https:\/\/alpiste.co.cr\/en\/wp-json\/wp\/v2\/product_cat?post=2520"},{"taxonomy":"product_tag","embeddable":true,"href":"https:\/\/alpiste.co.cr\/en\/wp-json\/wp\/v2\/product_tag?post=2520"},{"taxonomy":"pais-productos","embeddable":true,"href":"https:\/\/alpiste.co.cr\/en\/wp-json\/wp\/v2\/pais-productos?post=2520"},{"taxonomy":"marca-productos","embeddable":true,"href":"https:\/\/alpiste.co.cr\/en\/wp-json\/wp\/v2\/marca-productos?post=2520"}],"curies":[{"name":"wp","href":"https:\/\/api.w.org\/{rel}","templated":true}]}}