{"id":2405,"date":"2021-12-03T04:07:45","date_gmt":"2021-12-02T22:07:45","guid":{"rendered":"https:\/\/alpiste.co.cr\/product\/vina-cobos-bramare-cabernet-sauvignon-lujan-de-cuyo-appellation\/"},"modified":"2025-05-09T21:33:36","modified_gmt":"2025-05-09T15:33:36","slug":"vina-cobos-bramare-cabernet-sauvignon-lujan-de-cuyo-appellation","status":"publish","type":"product","link":"https:\/\/alpiste.co.cr\/en\/product\/vina-cobos-bramare-cabernet-sauvignon-lujan-de-cuyo-appellation\/","title":{"rendered":"Vi\u00f1a Cobos \u2013 Bramare Cabernet Sauvignon Lujan de Cuyo Appellation"},"content":{"rendered":"<p class=\"p1\">Luj\u00e1n de Cuyo cuenta con un clima semi-des\u00e9rtico y suelos pedregosos bajos en nutrientes, condiciones ideales para el cultivo de vides de alta calidad.<\/p>\n<p class=\"p1\">La segunda fermentaci\u00f3n (malol\u00e1ctica) de este vino se realiza en barricas por un periodo de tres meses aport\u00e1ndole una cremosidad y textura exquisita.<\/p>\n<p class=\"p1\">Un Cabernet redondo y profundo. Este monovarietal es un gran exponente de la variedad reina delas tintas en el mundo. Deleita su sabrosa textura, madurez y armon\u00eda en todo su recorrido de boca. Es elaborado por la reconocida bodega Boutique Vi\u00f1a Cobos.<\/p>","protected":false},"excerpt":{"rendered":"<p>Delightful and tasty texture.<\/p>","protected":false},"featured_media":8222,"comment_status":"closed","ping_status":"closed","template":"","meta":{"_acf_changed":false},"product_cat":[127,141],"product_tag":[],"pais-productos":[169,276,189],"marca-productos":[273],"acf":[],"_links":{"self":[{"href":"https:\/\/alpiste.co.cr\/en\/wp-json\/wp\/v2\/product\/2405"}],"collection":[{"href":"https:\/\/alpiste.co.cr\/en\/wp-json\/wp\/v2\/product"}],"about":[{"href":"https:\/\/alpiste.co.cr\/en\/wp-json\/wp\/v2\/types\/product"}],"replies":[{"embeddable":true,"href":"https:\/\/alpiste.co.cr\/en\/wp-json\/wp\/v2\/comments?post=2405"}],"wp:featuredmedia":[{"embeddable":true,"href":"https:\/\/alpiste.co.cr\/en\/wp-json\/wp\/v2\/media\/8222"}],"wp:attachment":[{"href":"https:\/\/alpiste.co.cr\/en\/wp-json\/wp\/v2\/media?parent=2405"}],"wp:term":[{"taxonomy":"product_cat","embeddable":true,"href":"https:\/\/alpiste.co.cr\/en\/wp-json\/wp\/v2\/product_cat?post=2405"},{"taxonomy":"product_tag","embeddable":true,"href":"https:\/\/alpiste.co.cr\/en\/wp-json\/wp\/v2\/product_tag?post=2405"},{"taxonomy":"pais-productos","embeddable":true,"href":"https:\/\/alpiste.co.cr\/en\/wp-json\/wp\/v2\/pais-productos?post=2405"},{"taxonomy":"marca-productos","embeddable":true,"href":"https:\/\/alpiste.co.cr\/en\/wp-json\/wp\/v2\/marca-productos?post=2405"}],"curies":[{"name":"wp","href":"https:\/\/api.w.org\/{rel}","templated":true}]}}