{"id":2399,"date":"2021-12-02T22:07:45","date_gmt":"2021-12-02T22:07:45","guid":{"rendered":"https:\/\/alpiste.co.cr\/product\/vina-cobos-bramare-malbec-marchiori-vineyard\/"},"modified":"2022-07-30T08:54:28","modified_gmt":"2022-07-30T02:54:28","slug":"vina-cobos-bramare-malbec-marchiori-vineyard","status":"publish","type":"product","link":"https:\/\/alpiste.co.cr\/en\/product\/vina-cobos-bramare-malbec-marchiori-vineyard\/","title":{"rendered":"Vi\u00f1a Cobos &#8211; Bramare Malbec Marchiori Vineyard"},"content":{"rendered":"<p>https:\/\/alpiste.co.cr\/product\/vina-cobos-bramare-malbec-marchiori-vineyard\/<\/p>","protected":false},"excerpt":{"rendered":"<p>El concepto de Vi\u00f1edo \u00danico \u201cSingle Vineyard\u201d se ve ejemplificado a su perfecci\u00f3n en este exuberante, goloso y espectacular Malbec.<br \/>\nNariz: Presernta una gran concentraci\u00f3n arom\u00e1tica: se entremezclan las frutas secas y maduras, p\u00e9talos de rosa, cacao, tabaco, pimienta y vainilla.<br \/>\nBoca: Sensual en su entrada. Despliega sabores a frutas negras. Muestra unos taninos maduros, acidez puntual y gran armon\u00eda. Amable y sedoso, intenso y persistente con un largo final en el que se recalca el tabaco y el chocolate.<br \/>\nMaridajes opcionales entre otros: Carne blanca, la caza, el cabrito, lomito, lomo, rib eye, new york, delm\u00f3nico, cordero y los quesos maduros. Ideal para disfrutarle por s\u00ed mismo.<\/p>","protected":false},"featured_media":1601,"comment_status":"closed","ping_status":"open","template":"","meta":{"_acf_changed":false},"product_cat":[127,141],"product_tag":[],"pais-productos":[169,189,274],"marca-productos":[273],"acf":[],"_links":{"self":[{"href":"https:\/\/alpiste.co.cr\/en\/wp-json\/wp\/v2\/product\/2399"}],"collection":[{"href":"https:\/\/alpiste.co.cr\/en\/wp-json\/wp\/v2\/product"}],"about":[{"href":"https:\/\/alpiste.co.cr\/en\/wp-json\/wp\/v2\/types\/product"}],"replies":[{"embeddable":true,"href":"https:\/\/alpiste.co.cr\/en\/wp-json\/wp\/v2\/comments?post=2399"}],"wp:featuredmedia":[{"embeddable":true,"href":"https:\/\/alpiste.co.cr\/en\/wp-json\/wp\/v2\/media\/1601"}],"wp:attachment":[{"href":"https:\/\/alpiste.co.cr\/en\/wp-json\/wp\/v2\/media?parent=2399"}],"wp:term":[{"taxonomy":"product_cat","embeddable":true,"href":"https:\/\/alpiste.co.cr\/en\/wp-json\/wp\/v2\/product_cat?post=2399"},{"taxonomy":"product_tag","embeddable":true,"href":"https:\/\/alpiste.co.cr\/en\/wp-json\/wp\/v2\/product_tag?post=2399"},{"taxonomy":"pais-productos","embeddable":true,"href":"https:\/\/alpiste.co.cr\/en\/wp-json\/wp\/v2\/pais-productos?post=2399"},{"taxonomy":"marca-productos","embeddable":true,"href":"https:\/\/alpiste.co.cr\/en\/wp-json\/wp\/v2\/marca-productos?post=2399"}],"curies":[{"name":"wp","href":"https:\/\/api.w.org\/{rel}","templated":true}]}}