{"id":2377,"date":"2021-12-02T22:07:40","date_gmt":"2021-12-02T22:07:40","guid":{"rendered":"https:\/\/alpiste.co.cr\/product\/valduero-garcia-viadero-albillo\/"},"modified":"2022-07-30T08:54:25","modified_gmt":"2022-07-30T02:54:25","slug":"valduero-garcia-viadero-albillo","status":"publish","type":"product","link":"https:\/\/alpiste.co.cr\/en\/product\/valduero-garcia-viadero-albillo\/","title":{"rendered":"Valduero &#8211; Garcia Viadero Albillo"},"content":{"rendered":"<p>https:\/\/alpiste.co.cr\/product\/valduero-garcia-viadero-albillo\/<\/p>","protected":false},"excerpt":{"rendered":"<p>De color pajizo muy claro, debido a la resistencia a procesos oxidativos.<br \/>\nNariz: Perfumada. Nos propone un delicioso abanico arom\u00e1tico en el que se fusionan notas a frutas tropicales y c\u00edtricas; albaricoque, melocot\u00f3n, manzana, pi\u00f1a y toronja.<br \/>\nBoca: Vivaz en su entrada. Avanza deleitando con sus sabores a frutas tropicales y c\u00edtricas. Ligereza, frescura y suavidad en todo su recorrido hasta su tenue final.<br \/>\nMaridajes opcionales entre otros: Ideal como aperitivo, con ensaladas, antipastos, pescados y mariscos.<\/p>","protected":false},"featured_media":1115,"comment_status":"closed","ping_status":"open","template":"","meta":{"_acf_changed":false},"product_cat":[127,128],"product_tag":[],"pais-productos":[268,85],"marca-productos":[269],"acf":[],"_links":{"self":[{"href":"https:\/\/alpiste.co.cr\/en\/wp-json\/wp\/v2\/product\/2377"}],"collection":[{"href":"https:\/\/alpiste.co.cr\/en\/wp-json\/wp\/v2\/product"}],"about":[{"href":"https:\/\/alpiste.co.cr\/en\/wp-json\/wp\/v2\/types\/product"}],"replies":[{"embeddable":true,"href":"https:\/\/alpiste.co.cr\/en\/wp-json\/wp\/v2\/comments?post=2377"}],"wp:featuredmedia":[{"embeddable":true,"href":"https:\/\/alpiste.co.cr\/en\/wp-json\/wp\/v2\/media\/1115"}],"wp:attachment":[{"href":"https:\/\/alpiste.co.cr\/en\/wp-json\/wp\/v2\/media?parent=2377"}],"wp:term":[{"taxonomy":"product_cat","embeddable":true,"href":"https:\/\/alpiste.co.cr\/en\/wp-json\/wp\/v2\/product_cat?post=2377"},{"taxonomy":"product_tag","embeddable":true,"href":"https:\/\/alpiste.co.cr\/en\/wp-json\/wp\/v2\/product_tag?post=2377"},{"taxonomy":"pais-productos","embeddable":true,"href":"https:\/\/alpiste.co.cr\/en\/wp-json\/wp\/v2\/pais-productos?post=2377"},{"taxonomy":"marca-productos","embeddable":true,"href":"https:\/\/alpiste.co.cr\/en\/wp-json\/wp\/v2\/marca-productos?post=2377"}],"curies":[{"name":"wp","href":"https:\/\/api.w.org\/{rel}","templated":true}]}}