{"id":2344,"date":"2021-12-03T04:07:30","date_gmt":"2021-12-02T22:07:30","guid":{"rendered":"https:\/\/alpiste.co.cr\/product\/torresella-pinot-grigio-venezia-igt\/"},"modified":"2025-11-15T02:07:24","modified_gmt":"2025-11-14T20:07:24","slug":"torresella-pinot-grigio-venezia-igt","status":"publish","type":"product","link":"https:\/\/alpiste.co.cr\/en\/product\/torresella-pinot-grigio-venezia-igt\/","title":{"rendered":"Torresella Pinot Grigio"},"content":{"rendered":"<p>https:\/\/alpiste.co.cr\/product\/torresella-pinot-grigio-venezia-igt\/<\/p>","protected":false},"excerpt":{"rendered":"<p>orresella se encuentra en el V\u00e9neto oriental de Italia. Esta \u00e1rea est\u00e1 delimitada por el r\u00edo Tagliamento al norte, el r\u00edo Livenza al sur, los Alpes al noroeste y la laguna veneciana al este. El clima templado no presenta cambios estacionales bruscos y sus suelos arcillosos de textura media tienen un alto contenido mineral, lo que los hace ideales para la viticultura. Inconfundiblemente aut\u00e9ntico, irresistiblemente delicado.<\/p>","protected":false},"featured_media":7956,"comment_status":"closed","ping_status":"closed","template":"","meta":{"_acf_changed":false},"product_cat":[127,128],"product_tag":[],"pais-productos":[38,262],"marca-productos":[258],"acf":[],"_links":{"self":[{"href":"https:\/\/alpiste.co.cr\/en\/wp-json\/wp\/v2\/product\/2344"}],"collection":[{"href":"https:\/\/alpiste.co.cr\/en\/wp-json\/wp\/v2\/product"}],"about":[{"href":"https:\/\/alpiste.co.cr\/en\/wp-json\/wp\/v2\/types\/product"}],"replies":[{"embeddable":true,"href":"https:\/\/alpiste.co.cr\/en\/wp-json\/wp\/v2\/comments?post=2344"}],"wp:featuredmedia":[{"embeddable":true,"href":"https:\/\/alpiste.co.cr\/en\/wp-json\/wp\/v2\/media\/7956"}],"wp:attachment":[{"href":"https:\/\/alpiste.co.cr\/en\/wp-json\/wp\/v2\/media?parent=2344"}],"wp:term":[{"taxonomy":"product_cat","embeddable":true,"href":"https:\/\/alpiste.co.cr\/en\/wp-json\/wp\/v2\/product_cat?post=2344"},{"taxonomy":"product_tag","embeddable":true,"href":"https:\/\/alpiste.co.cr\/en\/wp-json\/wp\/v2\/product_tag?post=2344"},{"taxonomy":"pais-productos","embeddable":true,"href":"https:\/\/alpiste.co.cr\/en\/wp-json\/wp\/v2\/pais-productos?post=2344"},{"taxonomy":"marca-productos","embeddable":true,"href":"https:\/\/alpiste.co.cr\/en\/wp-json\/wp\/v2\/marca-productos?post=2344"}],"curies":[{"name":"wp","href":"https:\/\/api.w.org\/{rel}","templated":true}]}}