{"id":2318,"date":"2021-12-03T04:07:25","date_gmt":"2021-12-02T22:07:25","guid":{"rendered":"https:\/\/alpiste.co.cr\/product\/prensa-real-tempranillo\/"},"modified":"2024-08-14T23:50:51","modified_gmt":"2024-08-14T17:50:51","slug":"prensa-real-tempranillo","status":"publish","type":"product","link":"https:\/\/alpiste.co.cr\/en\/product\/prensa-real-tempranillo\/","title":{"rendered":"Prensa Real Tempranillo 750 mL"},"content":{"rendered":"<p>https:\/\/alpiste.co.cr\/product\/prensa-real-tempranillo\/<\/p>","protected":false},"excerpt":{"rendered":"<p>De color Rojo rub\u00ed con matices viol\u00e1ceos.<br \/>\nEste vino es un homenaje a aquellos peque\u00f1os viticultores cuyos logros fueron fundamentales en el desarrollo de la cultura vitivin\u00edcola de Espa\u00f1a.<\/p>","protected":false},"featured_media":7866,"comment_status":"closed","ping_status":"closed","template":"","meta":{"_acf_changed":false},"product_cat":[127,141],"product_tag":[],"pais-productos":[85,254],"marca-productos":[255],"acf":[],"_links":{"self":[{"href":"https:\/\/alpiste.co.cr\/en\/wp-json\/wp\/v2\/product\/2318"}],"collection":[{"href":"https:\/\/alpiste.co.cr\/en\/wp-json\/wp\/v2\/product"}],"about":[{"href":"https:\/\/alpiste.co.cr\/en\/wp-json\/wp\/v2\/types\/product"}],"replies":[{"embeddable":true,"href":"https:\/\/alpiste.co.cr\/en\/wp-json\/wp\/v2\/comments?post=2318"}],"wp:featuredmedia":[{"embeddable":true,"href":"https:\/\/alpiste.co.cr\/en\/wp-json\/wp\/v2\/media\/7866"}],"wp:attachment":[{"href":"https:\/\/alpiste.co.cr\/en\/wp-json\/wp\/v2\/media?parent=2318"}],"wp:term":[{"taxonomy":"product_cat","embeddable":true,"href":"https:\/\/alpiste.co.cr\/en\/wp-json\/wp\/v2\/product_cat?post=2318"},{"taxonomy":"product_tag","embeddable":true,"href":"https:\/\/alpiste.co.cr\/en\/wp-json\/wp\/v2\/product_tag?post=2318"},{"taxonomy":"pais-productos","embeddable":true,"href":"https:\/\/alpiste.co.cr\/en\/wp-json\/wp\/v2\/pais-productos?post=2318"},{"taxonomy":"marca-productos","embeddable":true,"href":"https:\/\/alpiste.co.cr\/en\/wp-json\/wp\/v2\/marca-productos?post=2318"}],"curies":[{"name":"wp","href":"https:\/\/api.w.org\/{rel}","templated":true}]}}