{"id":2227,"date":"2021-12-03T04:07:00","date_gmt":"2021-12-02T22:07:00","guid":{"rendered":"https:\/\/alpiste.co.cr\/product\/vigneti-del-sole-montepulciano-dabruzzo-doc\/"},"modified":"2025-11-15T02:00:33","modified_gmt":"2025-11-14T20:00:33","slug":"vigneti-del-sole-montepulciano-dabruzzo-doc","status":"publish","type":"product","link":"https:\/\/alpiste.co.cr\/en\/product\/vigneti-del-sole-montepulciano-dabruzzo-doc\/","title":{"rendered":"Vigneti del Sole Montepulciano d&#8217;Abruzzo, DOC &#8211; Italia"},"content":{"rendered":"<p>https:\/\/alpiste.co.cr\/product\/vigneti-del-sole-montepulciano-dabruzzo-doc\/<\/p>","protected":false},"excerpt":{"rendered":"<p>Esta versi\u00f3n de Montepulciano d &#8216;Abruzzo pretende ser una interpretaci\u00f3n de esta variedad en la que se busca exaltar sus caracter\u00edsticas varietales y su frescura, combinando estas cualidades con encanto y suavidad. El resultado es un vino muy agradable y f\u00e1cil de beber que acompa\u00f1a una amplia propuesta gastron\u00f3mica.<\/p>","protected":false},"featured_media":1681,"comment_status":"closed","ping_status":"closed","template":"","meta":{"_acf_changed":false},"product_cat":[127,141],"product_tag":[],"pais-productos":[235,38],"marca-productos":[222],"acf":[],"_links":{"self":[{"href":"https:\/\/alpiste.co.cr\/en\/wp-json\/wp\/v2\/product\/2227"}],"collection":[{"href":"https:\/\/alpiste.co.cr\/en\/wp-json\/wp\/v2\/product"}],"about":[{"href":"https:\/\/alpiste.co.cr\/en\/wp-json\/wp\/v2\/types\/product"}],"replies":[{"embeddable":true,"href":"https:\/\/alpiste.co.cr\/en\/wp-json\/wp\/v2\/comments?post=2227"}],"wp:featuredmedia":[{"embeddable":true,"href":"https:\/\/alpiste.co.cr\/en\/wp-json\/wp\/v2\/media\/1681"}],"wp:attachment":[{"href":"https:\/\/alpiste.co.cr\/en\/wp-json\/wp\/v2\/media?parent=2227"}],"wp:term":[{"taxonomy":"product_cat","embeddable":true,"href":"https:\/\/alpiste.co.cr\/en\/wp-json\/wp\/v2\/product_cat?post=2227"},{"taxonomy":"product_tag","embeddable":true,"href":"https:\/\/alpiste.co.cr\/en\/wp-json\/wp\/v2\/product_tag?post=2227"},{"taxonomy":"pais-productos","embeddable":true,"href":"https:\/\/alpiste.co.cr\/en\/wp-json\/wp\/v2\/pais-productos?post=2227"},{"taxonomy":"marca-productos","embeddable":true,"href":"https:\/\/alpiste.co.cr\/en\/wp-json\/wp\/v2\/marca-productos?post=2227"}],"curies":[{"name":"wp","href":"https:\/\/api.w.org\/{rel}","templated":true}]}}