{"id":2207,"date":"2021-12-03T04:06:55","date_gmt":"2021-12-02T22:06:55","guid":{"rendered":"https:\/\/alpiste.co.cr\/product\/pasqua-organico-chardonnay-bag-in-box\/"},"modified":"2022-12-22T22:28:55","modified_gmt":"2022-12-22T16:28:55","slug":"pasqua-organico-chardonnay-bag-in-box","status":"publish","type":"product","link":"https:\/\/alpiste.co.cr\/en\/product\/pasqua-organico-chardonnay-bag-in-box\/","title":{"rendered":"Chardonnay Organic Pasqua  3 L"},"content":{"rendered":"<p>https:\/\/alpiste.co.cr\/product\/pasqua-organico-chardonnay-bag-in-box\/<\/p>","protected":false},"excerpt":{"rendered":"<p>Este vino se elabora con la variedad blanca m\u00e1s famosa del mundo, con uvas de cultivo org\u00e1nico, en la regi\u00f3n de Sicilia.<br \/>\nEmpacado en Bag in Box (Bolsa en la caja con un dispensador).<\/p>","protected":false},"featured_media":1355,"comment_status":"closed","ping_status":"open","template":"","meta":{"_acf_changed":false},"product_cat":[127,128],"product_tag":[],"pais-productos":[38],"marca-productos":[222],"acf":[],"_links":{"self":[{"href":"https:\/\/alpiste.co.cr\/en\/wp-json\/wp\/v2\/product\/2207"}],"collection":[{"href":"https:\/\/alpiste.co.cr\/en\/wp-json\/wp\/v2\/product"}],"about":[{"href":"https:\/\/alpiste.co.cr\/en\/wp-json\/wp\/v2\/types\/product"}],"replies":[{"embeddable":true,"href":"https:\/\/alpiste.co.cr\/en\/wp-json\/wp\/v2\/comments?post=2207"}],"wp:featuredmedia":[{"embeddable":true,"href":"https:\/\/alpiste.co.cr\/en\/wp-json\/wp\/v2\/media\/1355"}],"wp:attachment":[{"href":"https:\/\/alpiste.co.cr\/en\/wp-json\/wp\/v2\/media?parent=2207"}],"wp:term":[{"taxonomy":"product_cat","embeddable":true,"href":"https:\/\/alpiste.co.cr\/en\/wp-json\/wp\/v2\/product_cat?post=2207"},{"taxonomy":"product_tag","embeddable":true,"href":"https:\/\/alpiste.co.cr\/en\/wp-json\/wp\/v2\/product_tag?post=2207"},{"taxonomy":"pais-productos","embeddable":true,"href":"https:\/\/alpiste.co.cr\/en\/wp-json\/wp\/v2\/pais-productos?post=2207"},{"taxonomy":"marca-productos","embeddable":true,"href":"https:\/\/alpiste.co.cr\/en\/wp-json\/wp\/v2\/marca-productos?post=2207"}],"curies":[{"name":"wp","href":"https:\/\/api.w.org\/{rel}","templated":true}]}}