{"id":2201,"date":"2021-12-03T04:06:55","date_gmt":"2021-12-02T22:06:55","guid":{"rendered":"https:\/\/alpiste.co.cr\/product\/vigneti-del-sole-pinot-grigio-doc\/"},"modified":"2025-11-15T02:03:12","modified_gmt":"2025-11-14T20:03:12","slug":"vigneti-del-sole-pinot-grigio-doc","status":"publish","type":"product","link":"https:\/\/alpiste.co.cr\/en\/product\/vigneti-del-sole-pinot-grigio-doc\/","title":{"rendered":"Vigneti del Sole, Pinot Grigio delle Venezie, Italia"},"content":{"rendered":"<p>https:\/\/alpiste.co.cr\/product\/vigneti-del-sole-pinot-grigio-doc\/<\/p>","protected":false},"excerpt":{"rendered":"<p>Es un vino ligero y f\u00e1cil de beber, ideal para todo tipo de ocasiones. Su perfil suave y c\u00edtrico atraer\u00e1n su paladar y lo hace ideal con una amplia variedad de opciones gastron\u00f3micas<\/p>","protected":false},"featured_media":1310,"comment_status":"closed","ping_status":"closed","template":"","meta":{"_acf_changed":false},"product_cat":[127,128],"product_tag":[],"pais-productos":[38,45],"marca-productos":[222],"acf":[],"_links":{"self":[{"href":"https:\/\/alpiste.co.cr\/en\/wp-json\/wp\/v2\/product\/2201"}],"collection":[{"href":"https:\/\/alpiste.co.cr\/en\/wp-json\/wp\/v2\/product"}],"about":[{"href":"https:\/\/alpiste.co.cr\/en\/wp-json\/wp\/v2\/types\/product"}],"replies":[{"embeddable":true,"href":"https:\/\/alpiste.co.cr\/en\/wp-json\/wp\/v2\/comments?post=2201"}],"wp:featuredmedia":[{"embeddable":true,"href":"https:\/\/alpiste.co.cr\/en\/wp-json\/wp\/v2\/media\/1310"}],"wp:attachment":[{"href":"https:\/\/alpiste.co.cr\/en\/wp-json\/wp\/v2\/media?parent=2201"}],"wp:term":[{"taxonomy":"product_cat","embeddable":true,"href":"https:\/\/alpiste.co.cr\/en\/wp-json\/wp\/v2\/product_cat?post=2201"},{"taxonomy":"product_tag","embeddable":true,"href":"https:\/\/alpiste.co.cr\/en\/wp-json\/wp\/v2\/product_tag?post=2201"},{"taxonomy":"pais-productos","embeddable":true,"href":"https:\/\/alpiste.co.cr\/en\/wp-json\/wp\/v2\/pais-productos?post=2201"},{"taxonomy":"marca-productos","embeddable":true,"href":"https:\/\/alpiste.co.cr\/en\/wp-json\/wp\/v2\/marca-productos?post=2201"}],"curies":[{"name":"wp","href":"https:\/\/api.w.org\/{rel}","templated":true}]}}