{"id":2095,"date":"2021-12-03T04:06:31","date_gmt":"2021-12-02T22:06:31","guid":{"rendered":"https:\/\/alpiste.co.cr\/product\/montes-seleccion-limitada-pinot-noir\/"},"modified":"2024-07-23T23:11:10","modified_gmt":"2024-07-23T17:11:10","slug":"montes-seleccion-limitada-pinot-noir","status":"publish","type":"product","link":"https:\/\/alpiste.co.cr\/en\/product\/montes-seleccion-limitada-pinot-noir\/","title":{"rendered":"Montes &#8211; Selecci\u00f3n Limitada Pinot Noir 750Ml"},"content":{"rendered":"<p>https:\/\/alpiste.co.cr\/product\/montes-seleccion-limitada-pinot-noir\/<\/p>","protected":false},"excerpt":{"rendered":"<p>Los vi\u00f1edos destinados a producir este vino se ubican en la Zona Costal (Valles de Casablanca, Leyda y Zapallar), dentro de la regi\u00f3n vitivin\u00edcola de Aconcagua, perteneciendo as\u00ed a la nueva clasificaci\u00f3n regional de los vinos chilenos.<br \/>\nSu delicada expresi\u00f3n arom\u00e1tica y gustativa los deleitar\u00e1.<\/p>","protected":false},"featured_media":7671,"comment_status":"closed","ping_status":"closed","template":"","meta":{"_acf_changed":false},"product_cat":[127,141],"product_tag":[],"pais-productos":[151,213,212],"marca-productos":[214],"acf":[],"_links":{"self":[{"href":"https:\/\/alpiste.co.cr\/en\/wp-json\/wp\/v2\/product\/2095"}],"collection":[{"href":"https:\/\/alpiste.co.cr\/en\/wp-json\/wp\/v2\/product"}],"about":[{"href":"https:\/\/alpiste.co.cr\/en\/wp-json\/wp\/v2\/types\/product"}],"replies":[{"embeddable":true,"href":"https:\/\/alpiste.co.cr\/en\/wp-json\/wp\/v2\/comments?post=2095"}],"wp:featuredmedia":[{"embeddable":true,"href":"https:\/\/alpiste.co.cr\/en\/wp-json\/wp\/v2\/media\/7671"}],"wp:attachment":[{"href":"https:\/\/alpiste.co.cr\/en\/wp-json\/wp\/v2\/media?parent=2095"}],"wp:term":[{"taxonomy":"product_cat","embeddable":true,"href":"https:\/\/alpiste.co.cr\/en\/wp-json\/wp\/v2\/product_cat?post=2095"},{"taxonomy":"product_tag","embeddable":true,"href":"https:\/\/alpiste.co.cr\/en\/wp-json\/wp\/v2\/product_tag?post=2095"},{"taxonomy":"pais-productos","embeddable":true,"href":"https:\/\/alpiste.co.cr\/en\/wp-json\/wp\/v2\/pais-productos?post=2095"},{"taxonomy":"marca-productos","embeddable":true,"href":"https:\/\/alpiste.co.cr\/en\/wp-json\/wp\/v2\/marca-productos?post=2095"}],"curies":[{"name":"wp","href":"https:\/\/api.w.org\/{rel}","templated":true}]}}