{"id":2045,"date":"2021-12-02T22:06:16","date_gmt":"2021-12-02T22:06:16","guid":{"rendered":"https:\/\/alpiste.co.cr\/product\/la-rioja-alta-s-a-gran-reserva-890\/"},"modified":"2022-07-30T08:53:49","modified_gmt":"2022-07-30T02:53:49","slug":"la-rioja-alta-s-a-gran-reserva-890","status":"publish","type":"product","link":"https:\/\/alpiste.co.cr\/en\/product\/la-rioja-alta-s-a-gran-reserva-890\/","title":{"rendered":"La Rioja Alta S.A. Gran Reserva 890"},"content":{"rendered":"<p>https:\/\/alpiste.co.cr\/product\/la-rioja-alta-s-a-gran-reserva-890\/<\/p>","protected":false},"excerpt":{"rendered":"<p>Una cosecha excepcional que ha motivado la declaraci\u00f3n \u201cSelecci\u00f3n Especial\u201d, por primera vez en este vino.<br \/>\nNariz: Muy arom\u00e1tico. Nos propondr\u00e1 un amplio bouquet en el que sobresalen las notas bals\u00e1micas, especias, coco, vainilla, chocolate, recuerdos de frutas maduras y un sutil fondo mentolado.<br \/>\nBoca: Sensual en su entrada.  Taninos maduros, tenue frescor, especiado, con una fruta casi en confitura que envuelve nuestro paladar. Su excelente balance y fineza le invitan a disfrutarle con lentitud. Muy fino, gran personalidad e intensidad. Exquisita sedosidad y profundidad. Placentero final.<br \/>\nMaridajes opcionales entre otros: los cl\u00e1sicos; cerdo, cordero, carnes rojas y quesos maduros. Disfrutara al m\u00e1ximo sus virtudes si decide disfrutarlo por s\u00ed mismo, como sobremesa.<\/p>","protected":false},"featured_media":1588,"comment_status":"closed","ping_status":"open","template":"","meta":{"_acf_changed":false},"product_cat":[127,141],"product_tag":[],"pais-productos":[198,85],"marca-productos":[197],"acf":[],"_links":{"self":[{"href":"https:\/\/alpiste.co.cr\/en\/wp-json\/wp\/v2\/product\/2045"}],"collection":[{"href":"https:\/\/alpiste.co.cr\/en\/wp-json\/wp\/v2\/product"}],"about":[{"href":"https:\/\/alpiste.co.cr\/en\/wp-json\/wp\/v2\/types\/product"}],"replies":[{"embeddable":true,"href":"https:\/\/alpiste.co.cr\/en\/wp-json\/wp\/v2\/comments?post=2045"}],"wp:featuredmedia":[{"embeddable":true,"href":"https:\/\/alpiste.co.cr\/en\/wp-json\/wp\/v2\/media\/1588"}],"wp:attachment":[{"href":"https:\/\/alpiste.co.cr\/en\/wp-json\/wp\/v2\/media?parent=2045"}],"wp:term":[{"taxonomy":"product_cat","embeddable":true,"href":"https:\/\/alpiste.co.cr\/en\/wp-json\/wp\/v2\/product_cat?post=2045"},{"taxonomy":"product_tag","embeddable":true,"href":"https:\/\/alpiste.co.cr\/en\/wp-json\/wp\/v2\/product_tag?post=2045"},{"taxonomy":"pais-productos","embeddable":true,"href":"https:\/\/alpiste.co.cr\/en\/wp-json\/wp\/v2\/pais-productos?post=2045"},{"taxonomy":"marca-productos","embeddable":true,"href":"https:\/\/alpiste.co.cr\/en\/wp-json\/wp\/v2\/marca-productos?post=2045"}],"curies":[{"name":"wp","href":"https:\/\/api.w.org\/{rel}","templated":true}]}}