{"id":2000,"date":"2021-12-03T04:06:06","date_gmt":"2021-12-02T22:06:06","guid":{"rendered":"https:\/\/alpiste.co.cr\/product\/tenuta-rapitala-alto-nero-davola-doc-dei-castelli-di-jesi\/"},"modified":"2025-11-15T02:53:17","modified_gmt":"2025-11-14T20:53:17","slug":"tenuta-rapitala-alto-nero-davola-doc-dei-castelli-di-jesi","status":"publish","type":"product","link":"https:\/\/alpiste.co.cr\/en\/product\/tenuta-rapitala-alto-nero-davola-doc-dei-castelli-di-jesi\/","title":{"rendered":"Tenuta Rapital\u00e0 ALTO REALE"},"content":{"rendered":"<p>https:\/\/alpiste.co.cr\/product\/tenuta-rapitala-alto-nero-davola-doc-dei-castelli-di-jesi\/<\/p>","protected":false},"excerpt":{"rendered":"<p>las vi\u00f1as aut\u00f3ctonas las grandes vi\u00f1as francesas. La filosof\u00eda de Rapital\u00e0 quiere vinos excelentes y t\u00e9cnicamente perfectos, pero sobre todo \u00fanicos, que mantengan los sabores y aromas de la tierra siciliana, sin descuidar la elegancia del gusto de los paladares m\u00e1s refinados.<\/p>","protected":false},"featured_media":12618,"comment_status":"closed","ping_status":"closed","template":"","meta":{"_acf_changed":false},"product_cat":[127,141],"product_tag":[],"pais-productos":[38,187],"marca-productos":[362],"acf":[],"_links":{"self":[{"href":"https:\/\/alpiste.co.cr\/en\/wp-json\/wp\/v2\/product\/2000"}],"collection":[{"href":"https:\/\/alpiste.co.cr\/en\/wp-json\/wp\/v2\/product"}],"about":[{"href":"https:\/\/alpiste.co.cr\/en\/wp-json\/wp\/v2\/types\/product"}],"replies":[{"embeddable":true,"href":"https:\/\/alpiste.co.cr\/en\/wp-json\/wp\/v2\/comments?post=2000"}],"wp:featuredmedia":[{"embeddable":true,"href":"https:\/\/alpiste.co.cr\/en\/wp-json\/wp\/v2\/media\/12618"}],"wp:attachment":[{"href":"https:\/\/alpiste.co.cr\/en\/wp-json\/wp\/v2\/media?parent=2000"}],"wp:term":[{"taxonomy":"product_cat","embeddable":true,"href":"https:\/\/alpiste.co.cr\/en\/wp-json\/wp\/v2\/product_cat?post=2000"},{"taxonomy":"product_tag","embeddable":true,"href":"https:\/\/alpiste.co.cr\/en\/wp-json\/wp\/v2\/product_tag?post=2000"},{"taxonomy":"pais-productos","embeddable":true,"href":"https:\/\/alpiste.co.cr\/en\/wp-json\/wp\/v2\/pais-productos?post=2000"},{"taxonomy":"marca-productos","embeddable":true,"href":"https:\/\/alpiste.co.cr\/en\/wp-json\/wp\/v2\/marca-productos?post=2000"}],"curies":[{"name":"wp","href":"https:\/\/api.w.org\/{rel}","templated":true}]}}