{"id":1964,"date":"2021-12-03T04:05:56","date_gmt":"2021-12-02T22:05:56","guid":{"rendered":"https:\/\/alpiste.co.cr\/product\/frescobaldi-giramonte-super-toscano-igt\/"},"modified":"2022-12-22T22:30:18","modified_gmt":"2022-12-22T16:30:18","slug":"frescobaldi-giramonte-super-toscano-igt","status":"publish","type":"product","link":"https:\/\/alpiste.co.cr\/en\/product\/frescobaldi-giramonte-super-toscano-igt\/","title":{"rendered":"Giramonte 750 mL"},"content":{"rendered":"<p>https:\/\/alpiste.co.cr\/product\/frescobaldi-giramonte-super-toscano-igt\/<\/p>","protected":false},"excerpt":{"rendered":"<p>Un vino que lo tiene todo, hecho pensando en aquellos amantes de lo extraordinario.<br \/>\nEs elaborado por la c\u00e9lebre bodega Marchesi de Frescobaldi. Quienes cuentan con m\u00e1s de 700 a\u00f1os de experiencia en el arte de la elaboraci\u00f3n de vinos finos.<\/p>","protected":false},"featured_media":1429,"comment_status":"closed","ping_status":"open","template":"","meta":{"_acf_changed":false},"product_cat":[127,141],"product_tag":[],"pais-productos":[38,176],"marca-productos":[172],"acf":[],"_links":{"self":[{"href":"https:\/\/alpiste.co.cr\/en\/wp-json\/wp\/v2\/product\/1964"}],"collection":[{"href":"https:\/\/alpiste.co.cr\/en\/wp-json\/wp\/v2\/product"}],"about":[{"href":"https:\/\/alpiste.co.cr\/en\/wp-json\/wp\/v2\/types\/product"}],"replies":[{"embeddable":true,"href":"https:\/\/alpiste.co.cr\/en\/wp-json\/wp\/v2\/comments?post=1964"}],"wp:featuredmedia":[{"embeddable":true,"href":"https:\/\/alpiste.co.cr\/en\/wp-json\/wp\/v2\/media\/1429"}],"wp:attachment":[{"href":"https:\/\/alpiste.co.cr\/en\/wp-json\/wp\/v2\/media?parent=1964"}],"wp:term":[{"taxonomy":"product_cat","embeddable":true,"href":"https:\/\/alpiste.co.cr\/en\/wp-json\/wp\/v2\/product_cat?post=1964"},{"taxonomy":"product_tag","embeddable":true,"href":"https:\/\/alpiste.co.cr\/en\/wp-json\/wp\/v2\/product_tag?post=1964"},{"taxonomy":"pais-productos","embeddable":true,"href":"https:\/\/alpiste.co.cr\/en\/wp-json\/wp\/v2\/pais-productos?post=1964"},{"taxonomy":"marca-productos","embeddable":true,"href":"https:\/\/alpiste.co.cr\/en\/wp-json\/wp\/v2\/marca-productos?post=1964"}],"curies":[{"name":"wp","href":"https:\/\/api.w.org\/{rel}","templated":true}]}}