{"id":1910,"date":"2021-12-03T04:05:43","date_gmt":"2021-12-02T22:05:43","guid":{"rendered":"https:\/\/alpiste.co.cr\/product\/montevides-espana-sangria-premium\/"},"modified":"2022-12-22T22:29:39","modified_gmt":"2022-12-22T16:29:39","slug":"montevides-espana-sangria-premium","status":"publish","type":"product","link":"https:\/\/alpiste.co.cr\/en\/product\/montevides-espana-sangria-premium\/","title":{"rendered":"Montevides Sangria Premium 750Ml"},"content":{"rendered":"<p>https:\/\/alpiste.co.cr\/product\/montevides-espana-sangria-premium\/<\/p>","protected":false},"excerpt":{"rendered":"<p>Deliciosa y exquisita Sangr\u00eda, 100% Espa\u00f1ola.<br \/>\nEn su elaboraci\u00f3n se emplea vino tinto de la variedad Tempranillo, de la zona de Castilla la Mancha, se complementa con la adici\u00f3n de az\u00facar, extractos naturales de frutas y zumo de manzana.<\/p>","protected":false},"featured_media":1693,"comment_status":"closed","ping_status":"open","template":"","meta":{"_acf_changed":false},"product_cat":[127,134],"product_tag":[],"pais-productos":[85,167],"marca-productos":[168],"acf":[],"_links":{"self":[{"href":"https:\/\/alpiste.co.cr\/en\/wp-json\/wp\/v2\/product\/1910"}],"collection":[{"href":"https:\/\/alpiste.co.cr\/en\/wp-json\/wp\/v2\/product"}],"about":[{"href":"https:\/\/alpiste.co.cr\/en\/wp-json\/wp\/v2\/types\/product"}],"replies":[{"embeddable":true,"href":"https:\/\/alpiste.co.cr\/en\/wp-json\/wp\/v2\/comments?post=1910"}],"wp:featuredmedia":[{"embeddable":true,"href":"https:\/\/alpiste.co.cr\/en\/wp-json\/wp\/v2\/media\/1693"}],"wp:attachment":[{"href":"https:\/\/alpiste.co.cr\/en\/wp-json\/wp\/v2\/media?parent=1910"}],"wp:term":[{"taxonomy":"product_cat","embeddable":true,"href":"https:\/\/alpiste.co.cr\/en\/wp-json\/wp\/v2\/product_cat?post=1910"},{"taxonomy":"product_tag","embeddable":true,"href":"https:\/\/alpiste.co.cr\/en\/wp-json\/wp\/v2\/product_tag?post=1910"},{"taxonomy":"pais-productos","embeddable":true,"href":"https:\/\/alpiste.co.cr\/en\/wp-json\/wp\/v2\/pais-productos?post=1910"},{"taxonomy":"marca-productos","embeddable":true,"href":"https:\/\/alpiste.co.cr\/en\/wp-json\/wp\/v2\/marca-productos?post=1910"}],"curies":[{"name":"wp","href":"https:\/\/api.w.org\/{rel}","templated":true}]}}