{"id":1781,"date":"2021-12-03T04:05:15","date_gmt":"2021-12-02T22:05:15","guid":{"rendered":"https:\/\/alpiste.co.cr\/product\/bottega-fragolino-rosso-country\/"},"modified":"2022-12-22T22:29:40","modified_gmt":"2022-12-22T16:29:40","slug":"bottega-fragolino-rosso-country","status":"publish","type":"product","link":"https:\/\/alpiste.co.cr\/en\/product\/bottega-fragolino-rosso-country\/","title":{"rendered":"Fragolino Red Wine 750 Ml"},"content":{"rendered":"<p>https:\/\/alpiste.co.cr\/product\/bottega-fragolino-rosso-country\/<\/p>","protected":false},"excerpt":{"rendered":"<p>Fragolino es una bebida a base de vino con un inconfundible aroma afrutado que recuerda fragantes fresas silvestres.<br \/>\nGracias a su moderado contenido de alcohol y agradable dolzura, es perfecto en cada hora del d\u00eda y es un s\u00ednonimo de fiesta y alegr\u00eda. <\/p>","protected":false},"featured_media":1150,"comment_status":"closed","ping_status":"open","template":"","meta":{"_acf_changed":false},"product_cat":[127,134],"product_tag":[],"pais-productos":[38],"marca-productos":[46],"acf":[],"_links":{"self":[{"href":"https:\/\/alpiste.co.cr\/en\/wp-json\/wp\/v2\/product\/1781"}],"collection":[{"href":"https:\/\/alpiste.co.cr\/en\/wp-json\/wp\/v2\/product"}],"about":[{"href":"https:\/\/alpiste.co.cr\/en\/wp-json\/wp\/v2\/types\/product"}],"replies":[{"embeddable":true,"href":"https:\/\/alpiste.co.cr\/en\/wp-json\/wp\/v2\/comments?post=1781"}],"wp:featuredmedia":[{"embeddable":true,"href":"https:\/\/alpiste.co.cr\/en\/wp-json\/wp\/v2\/media\/1150"}],"wp:attachment":[{"href":"https:\/\/alpiste.co.cr\/en\/wp-json\/wp\/v2\/media?parent=1781"}],"wp:term":[{"taxonomy":"product_cat","embeddable":true,"href":"https:\/\/alpiste.co.cr\/en\/wp-json\/wp\/v2\/product_cat?post=1781"},{"taxonomy":"product_tag","embeddable":true,"href":"https:\/\/alpiste.co.cr\/en\/wp-json\/wp\/v2\/product_tag?post=1781"},{"taxonomy":"pais-productos","embeddable":true,"href":"https:\/\/alpiste.co.cr\/en\/wp-json\/wp\/v2\/pais-productos?post=1781"},{"taxonomy":"marca-productos","embeddable":true,"href":"https:\/\/alpiste.co.cr\/en\/wp-json\/wp\/v2\/marca-productos?post=1781"}],"curies":[{"name":"wp","href":"https:\/\/api.w.org\/{rel}","templated":true}]}}