{"id":12642,"date":"2025-12-11T03:18:23","date_gmt":"2025-12-10T21:18:23","guid":{"rendered":"https:\/\/alpiste.co.cr\/?post_type=product&#038;p=12642"},"modified":"2025-12-31T23:55:13","modified_gmt":"2025-12-31T17:55:13","slug":"grisbi-rellenas-de-crema-de-gianduia-vegano","status":"publish","type":"product","link":"https:\/\/alpiste.co.cr\/en\/product\/grisbi-rellenas-de-crema-de-gianduia-vegano\/","title":{"rendered":"Grisbi rellenas de crema de gianduia vegano"},"content":{"rendered":"","protected":false},"excerpt":{"rendered":"<p>Las galletas Grisbi gianduia veganas son deliciosas galletas italianas rellenas con una suave crema de gianduia, una mezcla tradicional de cacao y avellanas. Elaboradas sin ingredientes de origen animal, ofrecen una experiencia indulgente con el aut\u00e9ntico sabor y calidad de la pasteler\u00eda italiana. Su textura crujiente por fuera y cremosa por dentro las convierte en el acompa\u00f1amiento perfecto para el caf\u00e9 o como un snack premium.<\/p>","protected":false},"featured_media":12705,"comment_status":"closed","ping_status":"closed","template":"","meta":{"_acf_changed":false},"product_cat":[394,449],"product_tag":[616],"pais-productos":[38],"marca-productos":[646],"acf":[],"_links":{"self":[{"href":"https:\/\/alpiste.co.cr\/en\/wp-json\/wp\/v2\/product\/12642"}],"collection":[{"href":"https:\/\/alpiste.co.cr\/en\/wp-json\/wp\/v2\/product"}],"about":[{"href":"https:\/\/alpiste.co.cr\/en\/wp-json\/wp\/v2\/types\/product"}],"replies":[{"embeddable":true,"href":"https:\/\/alpiste.co.cr\/en\/wp-json\/wp\/v2\/comments?post=12642"}],"wp:featuredmedia":[{"embeddable":true,"href":"https:\/\/alpiste.co.cr\/en\/wp-json\/wp\/v2\/media\/12705"}],"wp:attachment":[{"href":"https:\/\/alpiste.co.cr\/en\/wp-json\/wp\/v2\/media?parent=12642"}],"wp:term":[{"taxonomy":"product_cat","embeddable":true,"href":"https:\/\/alpiste.co.cr\/en\/wp-json\/wp\/v2\/product_cat?post=12642"},{"taxonomy":"product_tag","embeddable":true,"href":"https:\/\/alpiste.co.cr\/en\/wp-json\/wp\/v2\/product_tag?post=12642"},{"taxonomy":"pais-productos","embeddable":true,"href":"https:\/\/alpiste.co.cr\/en\/wp-json\/wp\/v2\/pais-productos?post=12642"},{"taxonomy":"marca-productos","embeddable":true,"href":"https:\/\/alpiste.co.cr\/en\/wp-json\/wp\/v2\/marca-productos?post=12642"}],"curies":[{"name":"wp","href":"https:\/\/api.w.org\/{rel}","templated":true}]}}