{"id":12637,"date":"2025-12-11T02:58:57","date_gmt":"2025-12-10T20:58:57","guid":{"rendered":"https:\/\/alpiste.co.cr\/?post_type=product&#038;p=12637"},"modified":"2025-12-31T23:51:09","modified_gmt":"2025-12-31T17:51:09","slug":"grisbi-rellenas-de-crema-de-cafe","status":"publish","type":"product","link":"https:\/\/alpiste.co.cr\/en\/product\/grisbi-rellenas-de-crema-de-cafe\/","title":{"rendered":"Grisbi rellenas de crema de caf\u00e9"},"content":{"rendered":"","protected":false},"excerpt":{"rendered":"<p>Las galletas Grisbi caf\u00e9 son exquisitas galletas italianas rellenas con una cremosa mezcla con sabor a caf\u00e9 expreso. Su exterior es crujiente y delicado, mientras que su interior ofrece una textura suave y arom\u00e1tica que deleita a los amantes del caf\u00e9. Elaboradas con ingredientes de alta calidad, combinan la tradici\u00f3n repostera italiana con un sabor intenso y equilibrado.<\/p>","protected":false},"featured_media":12703,"comment_status":"closed","ping_status":"closed","template":"","meta":{"_acf_changed":false},"product_cat":[394,449],"product_tag":[616],"pais-productos":[38],"marca-productos":[646],"acf":[],"_links":{"self":[{"href":"https:\/\/alpiste.co.cr\/en\/wp-json\/wp\/v2\/product\/12637"}],"collection":[{"href":"https:\/\/alpiste.co.cr\/en\/wp-json\/wp\/v2\/product"}],"about":[{"href":"https:\/\/alpiste.co.cr\/en\/wp-json\/wp\/v2\/types\/product"}],"replies":[{"embeddable":true,"href":"https:\/\/alpiste.co.cr\/en\/wp-json\/wp\/v2\/comments?post=12637"}],"wp:featuredmedia":[{"embeddable":true,"href":"https:\/\/alpiste.co.cr\/en\/wp-json\/wp\/v2\/media\/12703"}],"wp:attachment":[{"href":"https:\/\/alpiste.co.cr\/en\/wp-json\/wp\/v2\/media?parent=12637"}],"wp:term":[{"taxonomy":"product_cat","embeddable":true,"href":"https:\/\/alpiste.co.cr\/en\/wp-json\/wp\/v2\/product_cat?post=12637"},{"taxonomy":"product_tag","embeddable":true,"href":"https:\/\/alpiste.co.cr\/en\/wp-json\/wp\/v2\/product_tag?post=12637"},{"taxonomy":"pais-productos","embeddable":true,"href":"https:\/\/alpiste.co.cr\/en\/wp-json\/wp\/v2\/pais-productos?post=12637"},{"taxonomy":"marca-productos","embeddable":true,"href":"https:\/\/alpiste.co.cr\/en\/wp-json\/wp\/v2\/marca-productos?post=12637"}],"curies":[{"name":"wp","href":"https:\/\/api.w.org\/{rel}","templated":true}]}}