{"id":12631,"date":"2025-12-11T02:10:52","date_gmt":"2025-12-10T20:10:52","guid":{"rendered":"https:\/\/alpiste.co.cr\/?post_type=product&#038;p=12631"},"modified":"2025-12-31T23:47:22","modified_gmt":"2025-12-31T17:47:22","slug":"dedos-de-senora-sabor-fresa","status":"publish","type":"product","link":"https:\/\/alpiste.co.cr\/en\/product\/dedos-de-senora-sabor-fresa\/","title":{"rendered":"Dedos de se\u00f1ora sabor fresa"},"content":{"rendered":"","protected":false},"excerpt":{"rendered":"<p>Los dedos de se\u00f1ora sabor fresa son ligeras y esponjosas galletas tipo bizcocho, con un delicado toque de sabor a fresa. Su textura suave y aireada las hace perfectas para acompa\u00f1ar el caf\u00e9, el t\u00e9 o para utilizar en postres como tiramis\u00fa y triffles. Ofrecen un sabor dulce y agradable, ideal para quienes disfrutan de productos de reposter\u00eda fina.<\/p>","protected":false},"featured_media":12701,"comment_status":"closed","ping_status":"closed","template":"","meta":{"_acf_changed":false},"product_cat":[394,449],"product_tag":[616],"pais-productos":[38],"marca-productos":[646],"acf":[],"_links":{"self":[{"href":"https:\/\/alpiste.co.cr\/en\/wp-json\/wp\/v2\/product\/12631"}],"collection":[{"href":"https:\/\/alpiste.co.cr\/en\/wp-json\/wp\/v2\/product"}],"about":[{"href":"https:\/\/alpiste.co.cr\/en\/wp-json\/wp\/v2\/types\/product"}],"replies":[{"embeddable":true,"href":"https:\/\/alpiste.co.cr\/en\/wp-json\/wp\/v2\/comments?post=12631"}],"wp:featuredmedia":[{"embeddable":true,"href":"https:\/\/alpiste.co.cr\/en\/wp-json\/wp\/v2\/media\/12701"}],"wp:attachment":[{"href":"https:\/\/alpiste.co.cr\/en\/wp-json\/wp\/v2\/media?parent=12631"}],"wp:term":[{"taxonomy":"product_cat","embeddable":true,"href":"https:\/\/alpiste.co.cr\/en\/wp-json\/wp\/v2\/product_cat?post=12631"},{"taxonomy":"product_tag","embeddable":true,"href":"https:\/\/alpiste.co.cr\/en\/wp-json\/wp\/v2\/product_tag?post=12631"},{"taxonomy":"pais-productos","embeddable":true,"href":"https:\/\/alpiste.co.cr\/en\/wp-json\/wp\/v2\/pais-productos?post=12631"},{"taxonomy":"marca-productos","embeddable":true,"href":"https:\/\/alpiste.co.cr\/en\/wp-json\/wp\/v2\/marca-productos?post=12631"}],"curies":[{"name":"wp","href":"https:\/\/api.w.org\/{rel}","templated":true}]}}