{"id":12604,"date":"2025-11-15T01:36:01","date_gmt":"2025-11-14T19:36:01","guid":{"rendered":"https:\/\/alpiste.co.cr\/?post_type=product&#038;p=12604"},"modified":"2025-11-15T01:47:00","modified_gmt":"2025-11-14T19:47:00","slug":"argiano-brunello-di-montalcino-docg-italia","status":"publish","type":"product","link":"https:\/\/alpiste.co.cr\/en\/product\/argiano-brunello-di-montalcino-docg-italia\/","title":{"rendered":"Argiano Brunello di Montalcino DOCG , Italia."},"content":{"rendered":"","protected":false},"excerpt":{"rendered":"<p>Elaborado 100% sangiovese de un vi\u00f1edo de 22 hect\u00e1reas con suelos de margas calizas de entre 15 y 22 a\u00f1os de edad, plantadas en cordon espaldera simple, y situados a una altitud entre 280 a 310 metros provenientes de La finca de Argiano, que cuenta con un centenar de hect\u00e1reas en un magn\u00edfico paisaje agreste, en el que el vi\u00f1edo se alterna con prados y olivares.<\/p>","protected":false},"featured_media":12607,"comment_status":"closed","ping_status":"closed","template":"","meta":{"_acf_changed":false},"product_cat":[127,141],"product_tag":[],"pais-productos":[38],"marca-productos":[713],"acf":[],"_links":{"self":[{"href":"https:\/\/alpiste.co.cr\/en\/wp-json\/wp\/v2\/product\/12604"}],"collection":[{"href":"https:\/\/alpiste.co.cr\/en\/wp-json\/wp\/v2\/product"}],"about":[{"href":"https:\/\/alpiste.co.cr\/en\/wp-json\/wp\/v2\/types\/product"}],"replies":[{"embeddable":true,"href":"https:\/\/alpiste.co.cr\/en\/wp-json\/wp\/v2\/comments?post=12604"}],"wp:featuredmedia":[{"embeddable":true,"href":"https:\/\/alpiste.co.cr\/en\/wp-json\/wp\/v2\/media\/12607"}],"wp:attachment":[{"href":"https:\/\/alpiste.co.cr\/en\/wp-json\/wp\/v2\/media?parent=12604"}],"wp:term":[{"taxonomy":"product_cat","embeddable":true,"href":"https:\/\/alpiste.co.cr\/en\/wp-json\/wp\/v2\/product_cat?post=12604"},{"taxonomy":"product_tag","embeddable":true,"href":"https:\/\/alpiste.co.cr\/en\/wp-json\/wp\/v2\/product_tag?post=12604"},{"taxonomy":"pais-productos","embeddable":true,"href":"https:\/\/alpiste.co.cr\/en\/wp-json\/wp\/v2\/pais-productos?post=12604"},{"taxonomy":"marca-productos","embeddable":true,"href":"https:\/\/alpiste.co.cr\/en\/wp-json\/wp\/v2\/marca-productos?post=12604"}],"curies":[{"name":"wp","href":"https:\/\/api.w.org\/{rel}","templated":true}]}}