{"id":12596,"date":"2025-11-14T23:07:07","date_gmt":"2025-11-14T17:07:07","guid":{"rendered":"https:\/\/alpiste.co.cr\/?post_type=product&#038;p=12596"},"modified":"2025-11-14T23:13:07","modified_gmt":"2025-11-14T17:13:07","slug":"governador-doc-douro-portugal","status":"publish","type":"product","link":"https:\/\/alpiste.co.cr\/en\/product\/governador-doc-douro-portugal\/","title":{"rendered":"Governador DOC Douro, Portugal"},"content":{"rendered":"","protected":false},"excerpt":{"rendered":"<p>Vino tinto oscuro de Portugal, elaborado con las uvas de las que tambi\u00e9n se produce Oporto. Una opci\u00f3n interesante para acercarse a disfrutar de los vinos tranquilos de Portugal, que por lo general asociamos este pa\u00eds con los vinos fortificados de oporto. Este es un vino que no requiere trasvasar, sino que puede servir directamente en su copa.<\/p>","protected":false},"featured_media":12599,"comment_status":"closed","ping_status":"closed","template":"","meta":{"_acf_changed":false},"product_cat":[127,382],"product_tag":[],"pais-productos":[383],"marca-productos":[385],"acf":[],"_links":{"self":[{"href":"https:\/\/alpiste.co.cr\/en\/wp-json\/wp\/v2\/product\/12596"}],"collection":[{"href":"https:\/\/alpiste.co.cr\/en\/wp-json\/wp\/v2\/product"}],"about":[{"href":"https:\/\/alpiste.co.cr\/en\/wp-json\/wp\/v2\/types\/product"}],"replies":[{"embeddable":true,"href":"https:\/\/alpiste.co.cr\/en\/wp-json\/wp\/v2\/comments?post=12596"}],"wp:featuredmedia":[{"embeddable":true,"href":"https:\/\/alpiste.co.cr\/en\/wp-json\/wp\/v2\/media\/12599"}],"wp:attachment":[{"href":"https:\/\/alpiste.co.cr\/en\/wp-json\/wp\/v2\/media?parent=12596"}],"wp:term":[{"taxonomy":"product_cat","embeddable":true,"href":"https:\/\/alpiste.co.cr\/en\/wp-json\/wp\/v2\/product_cat?post=12596"},{"taxonomy":"product_tag","embeddable":true,"href":"https:\/\/alpiste.co.cr\/en\/wp-json\/wp\/v2\/product_tag?post=12596"},{"taxonomy":"pais-productos","embeddable":true,"href":"https:\/\/alpiste.co.cr\/en\/wp-json\/wp\/v2\/pais-productos?post=12596"},{"taxonomy":"marca-productos","embeddable":true,"href":"https:\/\/alpiste.co.cr\/en\/wp-json\/wp\/v2\/marca-productos?post=12596"}],"curies":[{"name":"wp","href":"https:\/\/api.w.org\/{rel}","templated":true}]}}