{"id":12532,"date":"2025-10-28T22:46:32","date_gmt":"2025-10-28T16:46:32","guid":{"rendered":"https:\/\/alpiste.co.cr\/?post_type=product&#038;p=12532"},"modified":"2025-12-31T23:41:37","modified_gmt":"2025-12-31T17:41:37","slug":"vinagre-balsamico-organico","status":"publish","type":"product","link":"https:\/\/alpiste.co.cr\/en\/product\/vinagre-balsamico-organico\/","title":{"rendered":"Vinagre bals\u00e1mico org\u00e1nico"},"content":{"rendered":"","protected":false},"excerpt":{"rendered":"<p>El vinagre bals\u00e1mico org\u00e1nico Filippo Berio de M\u00f3dena se elabora usando m\u00e9todos tradicionales. Su sabor distintivo est\u00e1 equilibrado con dulzura, lo que lo convierte en el complemento perfecto para el Aceite de Oliva Extra Virgen Filippo Berio. Ideal para aderezos, salsas y marinados, as\u00ed como para carnes, pescados y vegetales a la parrilla.<\/p>","protected":false},"featured_media":12699,"comment_status":"closed","ping_status":"closed","template":"","meta":{"_acf_changed":false},"product_cat":[606,631],"product_tag":[616],"pais-productos":[38],"marca-productos":[483],"acf":[],"_links":{"self":[{"href":"https:\/\/alpiste.co.cr\/en\/wp-json\/wp\/v2\/product\/12532"}],"collection":[{"href":"https:\/\/alpiste.co.cr\/en\/wp-json\/wp\/v2\/product"}],"about":[{"href":"https:\/\/alpiste.co.cr\/en\/wp-json\/wp\/v2\/types\/product"}],"replies":[{"embeddable":true,"href":"https:\/\/alpiste.co.cr\/en\/wp-json\/wp\/v2\/comments?post=12532"}],"wp:featuredmedia":[{"embeddable":true,"href":"https:\/\/alpiste.co.cr\/en\/wp-json\/wp\/v2\/media\/12699"}],"wp:attachment":[{"href":"https:\/\/alpiste.co.cr\/en\/wp-json\/wp\/v2\/media?parent=12532"}],"wp:term":[{"taxonomy":"product_cat","embeddable":true,"href":"https:\/\/alpiste.co.cr\/en\/wp-json\/wp\/v2\/product_cat?post=12532"},{"taxonomy":"product_tag","embeddable":true,"href":"https:\/\/alpiste.co.cr\/en\/wp-json\/wp\/v2\/product_tag?post=12532"},{"taxonomy":"pais-productos","embeddable":true,"href":"https:\/\/alpiste.co.cr\/en\/wp-json\/wp\/v2\/pais-productos?post=12532"},{"taxonomy":"marca-productos","embeddable":true,"href":"https:\/\/alpiste.co.cr\/en\/wp-json\/wp\/v2\/marca-productos?post=12532"}],"curies":[{"name":"wp","href":"https:\/\/api.w.org\/{rel}","templated":true}]}}