{"id":12528,"date":"2025-10-28T22:44:02","date_gmt":"2025-10-28T16:44:02","guid":{"rendered":"https:\/\/alpiste.co.cr\/?post_type=product&#038;p=12528"},"modified":"2025-10-28T22:46:16","modified_gmt":"2025-10-28T16:46:16","slug":"chocolate-amargo-70-extrafino","status":"publish","type":"product","link":"https:\/\/alpiste.co.cr\/en\/product\/chocolate-amargo-70-extrafino\/","title":{"rendered":"Chocolate Amargo 70% Extrafino"},"content":{"rendered":"","protected":false},"excerpt":{"rendered":"<p>Elaborado con un 70 % del mejor cacao, esta barra de chocolate negro extrafino y con granos de cacao provenientes exclusivamente de nuestra finca El Cacao en Nicaragua, ofrece un sabor profundo y rico, simplemente irresistible. Sus piezas \u00fanicas m\u00e1s peque\u00f1as, son perfectas para saborear cada bocado intenso.<\/p>","protected":false},"featured_media":12531,"comment_status":"closed","ping_status":"closed","template":"","meta":{"_acf_changed":false},"product_cat":[394,442],"product_tag":[616],"pais-productos":[120],"marca-productos":[590],"acf":[],"_links":{"self":[{"href":"https:\/\/alpiste.co.cr\/en\/wp-json\/wp\/v2\/product\/12528"}],"collection":[{"href":"https:\/\/alpiste.co.cr\/en\/wp-json\/wp\/v2\/product"}],"about":[{"href":"https:\/\/alpiste.co.cr\/en\/wp-json\/wp\/v2\/types\/product"}],"replies":[{"embeddable":true,"href":"https:\/\/alpiste.co.cr\/en\/wp-json\/wp\/v2\/comments?post=12528"}],"wp:featuredmedia":[{"embeddable":true,"href":"https:\/\/alpiste.co.cr\/en\/wp-json\/wp\/v2\/media\/12531"}],"wp:attachment":[{"href":"https:\/\/alpiste.co.cr\/en\/wp-json\/wp\/v2\/media?parent=12528"}],"wp:term":[{"taxonomy":"product_cat","embeddable":true,"href":"https:\/\/alpiste.co.cr\/en\/wp-json\/wp\/v2\/product_cat?post=12528"},{"taxonomy":"product_tag","embeddable":true,"href":"https:\/\/alpiste.co.cr\/en\/wp-json\/wp\/v2\/product_tag?post=12528"},{"taxonomy":"pais-productos","embeddable":true,"href":"https:\/\/alpiste.co.cr\/en\/wp-json\/wp\/v2\/pais-productos?post=12528"},{"taxonomy":"marca-productos","embeddable":true,"href":"https:\/\/alpiste.co.cr\/en\/wp-json\/wp\/v2\/marca-productos?post=12528"}],"curies":[{"name":"wp","href":"https:\/\/api.w.org\/{rel}","templated":true}]}}