{"id":12523,"date":"2025-10-28T22:39:12","date_gmt":"2025-10-28T16:39:12","guid":{"rendered":"https:\/\/alpiste.co.cr\/?post_type=product&#038;p=12523"},"modified":"2025-10-28T22:43:10","modified_gmt":"2025-10-28T16:43:10","slug":"chocolate-leche-duo-coffee","status":"publish","type":"product","link":"https:\/\/alpiste.co.cr\/en\/product\/chocolate-leche-duo-coffee\/","title":{"rendered":"Chocolate Leche Duo Coffee"},"content":{"rendered":"","protected":false},"excerpt":{"rendered":"<p>D\u00fao de chocolate con leche relleno con un relleno (23\u202f%) de caf\u00e9 (1\u202f%) y leche (3,5\u202f%) y copos de arroz (0,7\u202f%), y un relleno de cacao (21\u202f%) y trozos de granos de caf\u00e9 caramelizados (2\u202f%). Chocolate con leche: s\u00f3lidos de cacao: 30\u202f% m\u00ednimo, s\u00f3lidos l\u00e1cteos: 18\u202f% m\u00ednimo<\/p>","protected":false},"featured_media":12526,"comment_status":"closed","ping_status":"closed","template":"","meta":{"_acf_changed":false},"product_cat":[394,442],"product_tag":[616],"pais-productos":[120],"marca-productos":[590],"acf":[],"_links":{"self":[{"href":"https:\/\/alpiste.co.cr\/en\/wp-json\/wp\/v2\/product\/12523"}],"collection":[{"href":"https:\/\/alpiste.co.cr\/en\/wp-json\/wp\/v2\/product"}],"about":[{"href":"https:\/\/alpiste.co.cr\/en\/wp-json\/wp\/v2\/types\/product"}],"replies":[{"embeddable":true,"href":"https:\/\/alpiste.co.cr\/en\/wp-json\/wp\/v2\/comments?post=12523"}],"wp:featuredmedia":[{"embeddable":true,"href":"https:\/\/alpiste.co.cr\/en\/wp-json\/wp\/v2\/media\/12526"}],"wp:attachment":[{"href":"https:\/\/alpiste.co.cr\/en\/wp-json\/wp\/v2\/media?parent=12523"}],"wp:term":[{"taxonomy":"product_cat","embeddable":true,"href":"https:\/\/alpiste.co.cr\/en\/wp-json\/wp\/v2\/product_cat?post=12523"},{"taxonomy":"product_tag","embeddable":true,"href":"https:\/\/alpiste.co.cr\/en\/wp-json\/wp\/v2\/product_tag?post=12523"},{"taxonomy":"pais-productos","embeddable":true,"href":"https:\/\/alpiste.co.cr\/en\/wp-json\/wp\/v2\/pais-productos?post=12523"},{"taxonomy":"marca-productos","embeddable":true,"href":"https:\/\/alpiste.co.cr\/en\/wp-json\/wp\/v2\/marca-productos?post=12523"}],"curies":[{"name":"wp","href":"https:\/\/api.w.org\/{rel}","templated":true}]}}