{"id":12519,"date":"2025-10-28T22:31:43","date_gmt":"2025-10-28T16:31:43","guid":{"rendered":"https:\/\/alpiste.co.cr\/?post_type=product&#038;p=12519"},"modified":"2025-10-28T22:38:39","modified_gmt":"2025-10-28T16:38:39","slug":"chocolate-leche-duo-sweetn-salty","status":"publish","type":"product","link":"https:\/\/alpiste.co.cr\/en\/product\/chocolate-leche-duo-sweetn-salty\/","title":{"rendered":"Chocolate Leche Duo Sweet\u00b4n Salty"},"content":{"rendered":"","protected":false},"excerpt":{"rendered":"<p>D\u00fao de chocolate con leche relleno con un relleno de cacao tipo brownie (24 %) y un relleno de caramelo salado (21 %), con trozos de galleta salada (2 %). Chocolate con leche: s\u00f3lidos de cacao: m\u00ednimo 30 %, s\u00f3lidos l\u00e1cteos: m\u00ednimo 18 %.<\/p>","protected":false},"featured_media":12522,"comment_status":"closed","ping_status":"closed","template":"","meta":{"_acf_changed":false},"product_cat":[394,442],"product_tag":[616],"pais-productos":[120],"marca-productos":[590],"acf":[],"_links":{"self":[{"href":"https:\/\/alpiste.co.cr\/en\/wp-json\/wp\/v2\/product\/12519"}],"collection":[{"href":"https:\/\/alpiste.co.cr\/en\/wp-json\/wp\/v2\/product"}],"about":[{"href":"https:\/\/alpiste.co.cr\/en\/wp-json\/wp\/v2\/types\/product"}],"replies":[{"embeddable":true,"href":"https:\/\/alpiste.co.cr\/en\/wp-json\/wp\/v2\/comments?post=12519"}],"wp:featuredmedia":[{"embeddable":true,"href":"https:\/\/alpiste.co.cr\/en\/wp-json\/wp\/v2\/media\/12522"}],"wp:attachment":[{"href":"https:\/\/alpiste.co.cr\/en\/wp-json\/wp\/v2\/media?parent=12519"}],"wp:term":[{"taxonomy":"product_cat","embeddable":true,"href":"https:\/\/alpiste.co.cr\/en\/wp-json\/wp\/v2\/product_cat?post=12519"},{"taxonomy":"product_tag","embeddable":true,"href":"https:\/\/alpiste.co.cr\/en\/wp-json\/wp\/v2\/product_tag?post=12519"},{"taxonomy":"pais-productos","embeddable":true,"href":"https:\/\/alpiste.co.cr\/en\/wp-json\/wp\/v2\/pais-productos?post=12519"},{"taxonomy":"marca-productos","embeddable":true,"href":"https:\/\/alpiste.co.cr\/en\/wp-json\/wp\/v2\/marca-productos?post=12519"}],"curies":[{"name":"wp","href":"https:\/\/api.w.org\/{rel}","templated":true}]}}