{"id":12514,"date":"2025-10-28T22:19:06","date_gmt":"2025-10-28T16:19:06","guid":{"rendered":"https:\/\/alpiste.co.cr\/?post_type=product&#038;p=12514"},"modified":"2025-10-28T22:29:51","modified_gmt":"2025-10-28T16:29:51","slug":"chocolate-leche-duo-fruity","status":"publish","type":"product","link":"https:\/\/alpiste.co.cr\/en\/product\/chocolate-leche-duo-fruity\/","title":{"rendered":"Chocolate Leche Duo Fruity"},"content":{"rendered":"","protected":false},"excerpt":{"rendered":"<p class=\"p1\">\u00a0D\u00fao de chocolate con leche relleno con un relleno (22 %) de yogur desnatado y grosella negra, con trozos de grosella negra (0,5 %), y un relleno (21 %) de yogur desnatado con granulado de frambuesa (1 %) y copos de arroz (0,6 %). Chocolate con leche: s\u00f3lidos de cacao: m\u00ednimo 30 %, s\u00f3lidos l\u00e1cteos: m\u00ednimo 18%.<\/p>","protected":false},"featured_media":12517,"comment_status":"closed","ping_status":"closed","template":"","meta":{"_acf_changed":false},"product_cat":[394,442],"product_tag":[616],"pais-productos":[120],"marca-productos":[590],"acf":[],"_links":{"self":[{"href":"https:\/\/alpiste.co.cr\/en\/wp-json\/wp\/v2\/product\/12514"}],"collection":[{"href":"https:\/\/alpiste.co.cr\/en\/wp-json\/wp\/v2\/product"}],"about":[{"href":"https:\/\/alpiste.co.cr\/en\/wp-json\/wp\/v2\/types\/product"}],"replies":[{"embeddable":true,"href":"https:\/\/alpiste.co.cr\/en\/wp-json\/wp\/v2\/comments?post=12514"}],"wp:featuredmedia":[{"embeddable":true,"href":"https:\/\/alpiste.co.cr\/en\/wp-json\/wp\/v2\/media\/12517"}],"wp:attachment":[{"href":"https:\/\/alpiste.co.cr\/en\/wp-json\/wp\/v2\/media?parent=12514"}],"wp:term":[{"taxonomy":"product_cat","embeddable":true,"href":"https:\/\/alpiste.co.cr\/en\/wp-json\/wp\/v2\/product_cat?post=12514"},{"taxonomy":"product_tag","embeddable":true,"href":"https:\/\/alpiste.co.cr\/en\/wp-json\/wp\/v2\/product_tag?post=12514"},{"taxonomy":"pais-productos","embeddable":true,"href":"https:\/\/alpiste.co.cr\/en\/wp-json\/wp\/v2\/pais-productos?post=12514"},{"taxonomy":"marca-productos","embeddable":true,"href":"https:\/\/alpiste.co.cr\/en\/wp-json\/wp\/v2\/marca-productos?post=12514"}],"curies":[{"name":"wp","href":"https:\/\/api.w.org\/{rel}","templated":true}]}}